{"id":1119,"date":"2023-12-07T05:35:42","date_gmt":"2023-12-07T04:35:42","guid":{"rendered":"https:\/\/cernyracing.sk\/kosik\/"},"modified":"2023-12-19T00:05:23","modified_gmt":"2023-12-18T23:05:23","slug":"kosik","status":"publish","type":"page","link":"https:\/\/cernyracing.sk\/en\/kosik\/","title":{"rendered":"Ko\u0161\u00edk"},"content":{"rendered":"<div data-elementor-type=\"wp-page\" data-elementor-id=\"1119\" class=\"elementor elementor-1119\">\n\t\t\t\t\t\t\t<div class=\"elementor-element elementor-element-17ce20e e-flex e-con-boxed e-con e-parent\" data-id=\"17ce20e\" data-element_type=\"container\" data-settings=\"{&quot;background_background&quot;:&quot;classic&quot;,&quot;content_width&quot;:&quot;boxed&quot;}\" data-core-v316-plus=\"true\">\n\t\t\t\t\t<div class=\"e-con-inner\">\n\t\t\t\t<div class=\"elementor-element elementor-element-78a814e elementor-widget elementor-widget-heading\" data-id=\"78a814e\" data-element_type=\"widget\" data-widget_type=\"heading.default\">\n\t\t\t\t<div class=\"elementor-widget-container\">\n\t\t\t<style>\/*! elementor - v3.17.0 - 08-11-2023 *\/\n.elementor-heading-title{padding:0;margin:0;line-height:1}.elementor-widget-heading .elementor-heading-title[class*=elementor-size-]>a{color:inherit;font-size:inherit;line-height:inherit}.elementor-widget-heading .elementor-heading-title.elementor-size-small{font-size:15px}.elementor-widget-heading .elementor-heading-title.elementor-size-medium{font-size:19px}.elementor-widget-heading .elementor-heading-title.elementor-size-large{font-size:29px}.elementor-widget-heading .elementor-heading-title.elementor-size-xl{font-size:39px}.elementor-widget-heading .elementor-heading-title.elementor-size-xxl{font-size:59px}<\/style><h2 class=\"elementor-heading-title elementor-size-default\">The perfect gift for the motorbike enthusiast<\/h2>\t\t<\/div>\n\t\t\t\t<\/div>\n\t\t\t\t<div class=\"elementor-element elementor-element-d189ad9 elementor-widget elementor-widget-heading\" data-id=\"d189ad9\" data-element_type=\"widget\" data-widget_type=\"heading.default\">\n\t\t\t\t<div class=\"elementor-widget-container\">\n\t\t\t<h2 class=\"elementor-heading-title elementor-size-default\">Free shipping<\/h2>\t\t<\/div>\n\t\t\t\t<\/div>\n\t\t\t\t<div class=\"elementor-element elementor-element-122db9a elementor-widget elementor-widget-text-editor\" data-id=\"122db9a\" data-element_type=\"widget\" data-widget_type=\"text-editor.default\">\n\t\t\t\t<div class=\"elementor-widget-container\">\n\t\t\t<style>\/*! elementor - v3.17.0 - 08-11-2023 *\/\n.elementor-widget-text-editor.elementor-drop-cap-view-stacked .elementor-drop-cap{background-color:#69727d;color:#fff}.elementor-widget-text-editor.elementor-drop-cap-view-framed .elementor-drop-cap{color:#69727d;border:3px solid;background-color:transparent}.elementor-widget-text-editor:not(.elementor-drop-cap-view-default) .elementor-drop-cap{margin-top:8px}.elementor-widget-text-editor:not(.elementor-drop-cap-view-default) .elementor-drop-cap-letter{width:1em;height:1em}.elementor-widget-text-editor .elementor-drop-cap{float:left;text-align:center;line-height:1;font-size:50px}.elementor-widget-text-editor .elementor-drop-cap-letter{display:inline-block}<\/style>\t\t\t\t<p>We send gift vouchers by post to the delivery address provided by you within 7 days by first class via Slovak Post.<\/p><p>The gift voucher can be used no later than August 31, 2024. Please agree on the exact date of application with our team<\/p><p>\u00a0JUDr. R\u00f3bert Jur\u010da, \u00a0tel.: +421 911 618 700.<\/p>\t\t\t\t\t\t<\/div>\n\t\t\t\t<\/div>\n\t\t\t\t\t<\/div>\n\t\t\t\t<\/div>\n\t\t<div class=\"elementor-element elementor-element-5e286307 e-flex e-con-boxed e-con e-parent\" data-id=\"5e286307\" data-element_type=\"container\" data-settings=\"{&quot;content_width&quot;:&quot;boxed&quot;}\" data-core-v316-plus=\"true\">\n\t\t\t\t\t<div class=\"e-con-inner\">\n\t\t\t\t\t<\/div>\n\t\t\t\t<\/div>\n\t\t\t\t\t\t\t<\/div>","protected":false},"excerpt":{"rendered":"<p>Ide\u00e1lny dar\u010dek pre nad\u0161enca motocyklov Po\u0161tovn\u00e9 zdarma Dar\u010dekov\u00e9 pouk\u00e1\u017eky zasielame po\u0161tou na vami uveden\u00fa dodaciu adresu do 7 dn\u00ed prvou triedou prostredn\u00edctvom Slovenskej po\u0161ty. Pouk\u00e1\u017eku je mo\u017en\u00e9 vyu\u017ei\u0165 maxim\u00e1lne do 31. augusta 2024. Presn\u00fd de\u0148 uplatnenia si pros\u00edm dohodnite s na\u0161im t\u00edmom: \u00a0JUDr. R\u00f3bert Jur\u010da, \u00a0tel.: +421 911 618 700.<\/p>","protected":false},"author":1,"featured_media":0,"parent":0,"menu_order":0,"comment_status":"closed","ping_status":"closed","template":"","meta":{"inline_featured_image":false,"footnotes":""},"yoast_head":"<!-- This site is optimized with the Yoast SEO plugin v21.6 - https:\/\/yoast.com\/wordpress\/plugins\/seo\/ -->\n<title>Ko\u0161\u00edk - Cerny Racing<\/title>\n<meta name=\"robots\" content=\"index, follow, max-snippet:-1, max-image-preview:large, max-video-preview:-1\" \/>\n<link rel=\"canonical\" href=\"https:\/\/cernyracing.sk\/en\/kosik\/\" \/>\n<meta property=\"og:locale\" content=\"en_GB\" \/>\n<meta property=\"og:type\" content=\"article\" \/>\n<meta property=\"og:title\" content=\"Ko\u0161\u00edk - Cerny Racing\" \/>\n<meta property=\"og:description\" content=\"Ide\u00e1lny dar\u010dek pre nad\u0161enca motocyklov Po\u0161tovn\u00e9 zdarma Dar\u010dekov\u00e9 pouk\u00e1\u017eky zasielame po\u0161tou na vami uveden\u00fa dodaciu adresu do 7 dn\u00ed prvou triedou prostredn\u00edctvom Slovenskej po\u0161ty. Pouk\u00e1\u017eku je mo\u017en\u00e9 vyu\u017ei\u0165 maxim\u00e1lne do 31. augusta 2024. Presn\u00fd de\u0148 uplatnenia si pros\u00edm dohodnite s na\u0161im t\u00edmom: \u00a0JUDr. R\u00f3bert Jur\u010da, \u00a0tel.: +421 911 618 700.\" \/>\n<meta property=\"og:url\" content=\"https:\/\/cernyracing.sk\/en\/kosik\/\" \/>\n<meta property=\"og:site_name\" content=\"Cerny Racing\" \/>\n<meta property=\"article:modified_time\" content=\"2023-12-18T23:05:23+00:00\" \/>\n<meta name=\"twitter:card\" content=\"summary_large_image\" \/>\n<meta name=\"twitter:label1\" content=\"Estimated reading time\" \/>\n\t<meta name=\"twitter:data1\" content=\"3 minutes\" \/>\n<script type=\"application\/ld+json\" class=\"yoast-schema-graph\">{\"@context\":\"https:\/\/schema.org\",\"@graph\":[{\"@type\":\"WebPage\",\"@id\":\"https:\/\/cernyracing.sk\/kosik\/\",\"url\":\"https:\/\/cernyracing.sk\/kosik\/\",\"name\":\"Ko\u0161\u00edk - Cerny Racing\",\"isPartOf\":{\"@id\":\"https:\/\/cernyracing.sk\/#website\"},\"datePublished\":\"2023-12-07T04:35:42+00:00\",\"dateModified\":\"2023-12-18T23:05:23+00:00\",\"breadcrumb\":{\"@id\":\"https:\/\/cernyracing.sk\/kosik\/#breadcrumb\"},\"inLanguage\":\"en-GB\",\"potentialAction\":[{\"@type\":\"ReadAction\",\"target\":[\"https:\/\/cernyracing.sk\/kosik\/\"]}]},{\"@type\":\"BreadcrumbList\",\"@id\":\"https:\/\/cernyracing.sk\/kosik\/#breadcrumb\",\"itemListElement\":[{\"@type\":\"ListItem\",\"position\":1,\"name\":\"Domovsk\u00e1 str\u00e1nka\",\"item\":\"https:\/\/cernyracing.sk\/\"},{\"@type\":\"ListItem\",\"position\":2,\"name\":\"Ko\u0161\u00edk\"}]},{\"@type\":\"WebSite\",\"@id\":\"https:\/\/cernyracing.sk\/#website\",\"url\":\"https:\/\/cernyracing.sk\/\",\"name\":\"Cerny Racing\",\"description\":\"Moto\u0161kola a pren\u00e1jom motocyklov\",\"potentialAction\":[{\"@type\":\"SearchAction\",\"target\":{\"@type\":\"EntryPoint\",\"urlTemplate\":\"https:\/\/cernyracing.sk\/?s={search_term_string}\"},\"query-input\":\"required name=search_term_string\"}],\"inLanguage\":\"en-GB\"}]}<\/script>\n<!-- \/ Yoast SEO plugin. -->","yoast_head_json":{"title":"Ko\u0161\u00edk - Cerny Racing","robots":{"index":"index","follow":"follow","max-snippet":"max-snippet:-1","max-image-preview":"max-image-preview:large","max-video-preview":"max-video-preview:-1"},"canonical":"https:\/\/cernyracing.sk\/en\/kosik\/","og_locale":"en_GB","og_type":"article","og_title":"Ko\u0161\u00edk - Cerny Racing","og_description":"Ide\u00e1lny dar\u010dek pre nad\u0161enca motocyklov Po\u0161tovn\u00e9 zdarma Dar\u010dekov\u00e9 pouk\u00e1\u017eky zasielame po\u0161tou na vami uveden\u00fa dodaciu adresu do 7 dn\u00ed prvou triedou prostredn\u00edctvom Slovenskej po\u0161ty. Pouk\u00e1\u017eku je mo\u017en\u00e9 vyu\u017ei\u0165 maxim\u00e1lne do 31. augusta 2024. Presn\u00fd de\u0148 uplatnenia si pros\u00edm dohodnite s na\u0161im t\u00edmom: \u00a0JUDr. R\u00f3bert Jur\u010da, \u00a0tel.: +421 911 618 700.","og_url":"https:\/\/cernyracing.sk\/en\/kosik\/","og_site_name":"Cerny Racing","article_modified_time":"2023-12-18T23:05:23+00:00","twitter_card":"summary_large_image","twitter_misc":{"Estimated reading time":"3 minutes"},"schema":{"@context":"https:\/\/schema.org","@graph":[{"@type":"WebPage","@id":"https:\/\/cernyracing.sk\/kosik\/","url":"https:\/\/cernyracing.sk\/kosik\/","name":"Ko\u0161\u00edk - Cerny Racing","isPartOf":{"@id":"https:\/\/cernyracing.sk\/#website"},"datePublished":"2023-12-07T04:35:42+00:00","dateModified":"2023-12-18T23:05:23+00:00","breadcrumb":{"@id":"https:\/\/cernyracing.sk\/kosik\/#breadcrumb"},"inLanguage":"en-GB","potentialAction":[{"@type":"ReadAction","target":["https:\/\/cernyracing.sk\/kosik\/"]}]},{"@type":"BreadcrumbList","@id":"https:\/\/cernyracing.sk\/kosik\/#breadcrumb","itemListElement":[{"@type":"ListItem","position":1,"name":"Domovsk\u00e1 str\u00e1nka","item":"https:\/\/cernyracing.sk\/"},{"@type":"ListItem","position":2,"name":"Ko\u0161\u00edk"}]},{"@type":"WebSite","@id":"https:\/\/cernyracing.sk\/#website","url":"https:\/\/cernyracing.sk\/","name":"Cerny Racing","description":"Moto\u0161kola a pren\u00e1jom motocyklov","potentialAction":[{"@type":"SearchAction","target":{"@type":"EntryPoint","urlTemplate":"https:\/\/cernyracing.sk\/?s={search_term_string}"},"query-input":"required name=search_term_string"}],"inLanguage":"en-GB"}]}},"_links":{"self":[{"href":"https:\/\/cernyracing.sk\/en\/wp-json\/wp\/v2\/pages\/1119"}],"collection":[{"href":"https:\/\/cernyracing.sk\/en\/wp-json\/wp\/v2\/pages"}],"about":[{"href":"https:\/\/cernyracing.sk\/en\/wp-json\/wp\/v2\/types\/page"}],"author":[{"embeddable":true,"href":"https:\/\/cernyracing.sk\/en\/wp-json\/wp\/v2\/users\/1"}],"replies":[{"embeddable":true,"href":"https:\/\/cernyracing.sk\/en\/wp-json\/wp\/v2\/comments?post=1119"}],"version-history":[{"count":0,"href":"https:\/\/cernyracing.sk\/en\/wp-json\/wp\/v2\/pages\/1119\/revisions"}],"wp:attachment":[{"href":"https:\/\/cernyracing.sk\/en\/wp-json\/wp\/v2\/media?parent=1119"}],"curies":[{"name":"wp","href":"https:\/\/api.w.org\/{rel}","templated":true}]}}