{"id":1130,"date":"2023-12-07T05:58:29","date_gmt":"2023-12-07T04:58:29","guid":{"rendered":"https:\/\/cernyracing.sk\/?post_type=product&#038;p=1130"},"modified":"2023-12-21T15:15:29","modified_gmt":"2023-12-21T14:15:29","slug":"darcekova-poukazka-tandemova-jazda","status":"publish","type":"product","link":"https:\/\/cernyracing.sk\/es\/producto\/darcekova-poukazka-tandemova-jazda\/","title":{"rendered":"BONO REGALO \u2013 VIAJE EN T\u00c1NDEM"},"content":{"rendered":"","protected":false},"excerpt":{"rendered":"<p>Experimente la sensaci\u00f3n de un corredor con nuestro conductor Jaro \u010cern\u00fd. Por supuesto, con la ayuda de las se\u00f1ales acordadas,\n\nJaro ir\u00e1 m\u00e1s r\u00e1pido o m\u00e1s lento para que la experiencia sea ante todo una experiencia y un bonito recuerdo para el superdotado. Podemos ir lento o muy, muy r\u00e1pido. Como desear\u00e1 tu superdotado.<\/p>","protected":false},"featured_media":1369,"comment_status":"closed","ping_status":"closed","template":"","meta":{"inline_featured_image":false},"product_cat":[20],"product_tag":[],"yoast_head":"<!-- This site is optimized with the Yoast SEO plugin v21.6 - https:\/\/yoast.com\/wordpress\/plugins\/seo\/ -->\n<title>DAR\u010cEKOV\u00c1 POUK\u00c1\u017dKA - TANDEMOV\u00c1 JAZDA - Cerny Racing<\/title>\n<meta name=\"robots\" content=\"index, follow, max-snippet:-1, max-image-preview:large, max-video-preview:-1\" \/>\n<link rel=\"canonical\" href=\"https:\/\/cernyracing.sk\/es\/producto\/darcekova-poukazka-tandemova-jazda\/\" \/>\n<meta property=\"og:locale\" content=\"es_ES\" \/>\n<meta property=\"og:type\" content=\"article\" \/>\n<meta property=\"og:title\" content=\"DAR\u010cEKOV\u00c1 POUK\u00c1\u017dKA - TANDEMOV\u00c1 JAZDA - Cerny Racing\" \/>\n<meta property=\"og:description\" content=\"Za\u017eite pocit z\u00e1vodn\u00edka s na\u0161im jazdcom Jarom \u010cern\u00fdm. Samozrejme, pomocou dohodnut\u00fdch sign\u00e1lov Jaro p\u00f4jde r\u00fdchlej\u0161ie alebo pomal\u0161ie aby z\u00e1\u017eitok bol v prvom rade pre obdarovan\u00fa osobu z\u00e1\u017eitkom a kr\u00e1snou spomienkou. M\u00f4\u017eeme \u00eds\u0165 pomaly alebo naozaj ve\u013emi r\u00fdchlo. Ako si bude vami obdarovan\u00e1 osoba pria\u0165.\" \/>\n<meta property=\"og:url\" content=\"https:\/\/cernyracing.sk\/es\/producto\/darcekova-poukazka-tandemova-jazda\/\" \/>\n<meta property=\"og:site_name\" content=\"Cerny Racing\" \/>\n<meta property=\"article:modified_time\" content=\"2023-12-21T14:15:29+00:00\" \/>\n<meta property=\"og:image\" content=\"https:\/\/cernyracing.sk\/wp-content\/uploads\/2023\/12\/gift-tandem.jpg\" \/>\n\t<meta property=\"og:image:width\" content=\"800\" \/>\n\t<meta property=\"og:image:height\" content=\"800\" \/>\n\t<meta property=\"og:image:type\" content=\"image\/jpeg\" \/>\n<meta name=\"twitter:card\" content=\"summary_large_image\" \/>\n<script type=\"application\/ld+json\" class=\"yoast-schema-graph\">{\"@context\":\"https:\/\/schema.org\",\"@graph\":[{\"@type\":\"WebPage\",\"@id\":\"https:\/\/cernyracing.sk\/produkt\/darcekova-poukazka-tandemova-jazda\/\",\"url\":\"https:\/\/cernyracing.sk\/produkt\/darcekova-poukazka-tandemova-jazda\/\",\"name\":\"DAR\u010cEKOV\u00c1 POUK\u00c1\u017dKA - TANDEMOV\u00c1 JAZDA - Cerny Racing\",\"isPartOf\":{\"@id\":\"https:\/\/cernyracing.sk\/#website\"},\"datePublished\":\"2023-12-07T04:58:29+00:00\",\"dateModified\":\"2023-12-21T14:15:29+00:00\",\"breadcrumb\":{\"@id\":\"https:\/\/cernyracing.sk\/produkt\/darcekova-poukazka-tandemova-jazda\/#breadcrumb\"},\"inLanguage\":\"es\",\"potentialAction\":[{\"@type\":\"ReadAction\",\"target\":[\"https:\/\/cernyracing.sk\/produkt\/darcekova-poukazka-tandemova-jazda\/\"]}]},{\"@type\":\"BreadcrumbList\",\"@id\":\"https:\/\/cernyracing.sk\/produkt\/darcekova-poukazka-tandemova-jazda\/#breadcrumb\",\"itemListElement\":[{\"@type\":\"ListItem\",\"position\":1,\"name\":\"Domovsk\u00e1 str\u00e1nka\",\"item\":\"https:\/\/cernyracing.sk\/\"},{\"@type\":\"ListItem\",\"position\":2,\"name\":\"Produkty\",\"item\":\"https:\/\/cernyracing.sk\/obchod\/\"},{\"@type\":\"ListItem\",\"position\":3,\"name\":\"DAR\u010cEKOV\u00c1 POUK\u00c1\u017dKA &#8211; TANDEMOV\u00c1 JAZDA\"}]},{\"@type\":\"WebSite\",\"@id\":\"https:\/\/cernyracing.sk\/#website\",\"url\":\"https:\/\/cernyracing.sk\/\",\"name\":\"Cerny Racing\",\"description\":\"Moto\u0161kola a pren\u00e1jom motocyklov\",\"potentialAction\":[{\"@type\":\"SearchAction\",\"target\":{\"@type\":\"EntryPoint\",\"urlTemplate\":\"https:\/\/cernyracing.sk\/?s={search_term_string}\"},\"query-input\":\"required name=search_term_string\"}],\"inLanguage\":\"es\"}]}<\/script>\n<!-- \/ Yoast SEO plugin. -->","yoast_head_json":{"title":"DAR\u010cEKOV\u00c1 POUK\u00c1\u017dKA - TANDEMOV\u00c1 JAZDA - Cerny Racing","robots":{"index":"index","follow":"follow","max-snippet":"max-snippet:-1","max-image-preview":"max-image-preview:large","max-video-preview":"max-video-preview:-1"},"canonical":"https:\/\/cernyracing.sk\/es\/producto\/darcekova-poukazka-tandemova-jazda\/","og_locale":"es_ES","og_type":"article","og_title":"DAR\u010cEKOV\u00c1 POUK\u00c1\u017dKA - TANDEMOV\u00c1 JAZDA - Cerny Racing","og_description":"Za\u017eite pocit z\u00e1vodn\u00edka s na\u0161im jazdcom Jarom \u010cern\u00fdm. Samozrejme, pomocou dohodnut\u00fdch sign\u00e1lov Jaro p\u00f4jde r\u00fdchlej\u0161ie alebo pomal\u0161ie aby z\u00e1\u017eitok bol v prvom rade pre obdarovan\u00fa osobu z\u00e1\u017eitkom a kr\u00e1snou spomienkou. M\u00f4\u017eeme \u00eds\u0165 pomaly alebo naozaj ve\u013emi r\u00fdchlo. Ako si bude vami obdarovan\u00e1 osoba pria\u0165.","og_url":"https:\/\/cernyracing.sk\/es\/producto\/darcekova-poukazka-tandemova-jazda\/","og_site_name":"Cerny Racing","article_modified_time":"2023-12-21T14:15:29+00:00","og_image":[{"width":800,"height":800,"url":"https:\/\/cernyracing.sk\/wp-content\/uploads\/2023\/12\/gift-tandem.jpg","type":"image\/jpeg"}],"twitter_card":"summary_large_image","schema":{"@context":"https:\/\/schema.org","@graph":[{"@type":"WebPage","@id":"https:\/\/cernyracing.sk\/produkt\/darcekova-poukazka-tandemova-jazda\/","url":"https:\/\/cernyracing.sk\/produkt\/darcekova-poukazka-tandemova-jazda\/","name":"DAR\u010cEKOV\u00c1 POUK\u00c1\u017dKA - TANDEMOV\u00c1 JAZDA - Cerny Racing","isPartOf":{"@id":"https:\/\/cernyracing.sk\/#website"},"datePublished":"2023-12-07T04:58:29+00:00","dateModified":"2023-12-21T14:15:29+00:00","breadcrumb":{"@id":"https:\/\/cernyracing.sk\/produkt\/darcekova-poukazka-tandemova-jazda\/#breadcrumb"},"inLanguage":"es","potentialAction":[{"@type":"ReadAction","target":["https:\/\/cernyracing.sk\/produkt\/darcekova-poukazka-tandemova-jazda\/"]}]},{"@type":"BreadcrumbList","@id":"https:\/\/cernyracing.sk\/produkt\/darcekova-poukazka-tandemova-jazda\/#breadcrumb","itemListElement":[{"@type":"ListItem","position":1,"name":"Domovsk\u00e1 str\u00e1nka","item":"https:\/\/cernyracing.sk\/"},{"@type":"ListItem","position":2,"name":"Produkty","item":"https:\/\/cernyracing.sk\/obchod\/"},{"@type":"ListItem","position":3,"name":"DAR\u010cEKOV\u00c1 POUK\u00c1\u017dKA &#8211; TANDEMOV\u00c1 JAZDA"}]},{"@type":"WebSite","@id":"https:\/\/cernyracing.sk\/#website","url":"https:\/\/cernyracing.sk\/","name":"Cerny Racing","description":"Moto\u0161kola a pren\u00e1jom motocyklov","potentialAction":[{"@type":"SearchAction","target":{"@type":"EntryPoint","urlTemplate":"https:\/\/cernyracing.sk\/?s={search_term_string}"},"query-input":"required name=search_term_string"}],"inLanguage":"es"}]}},"_links":{"self":[{"href":"https:\/\/cernyracing.sk\/es\/wp-json\/wp\/v2\/product\/1130"}],"collection":[{"href":"https:\/\/cernyracing.sk\/es\/wp-json\/wp\/v2\/product"}],"about":[{"href":"https:\/\/cernyracing.sk\/es\/wp-json\/wp\/v2\/types\/product"}],"replies":[{"embeddable":true,"href":"https:\/\/cernyracing.sk\/es\/wp-json\/wp\/v2\/comments?post=1130"}],"wp:featuredmedia":[{"embeddable":true,"href":"https:\/\/cernyracing.sk\/es\/wp-json\/wp\/v2\/media\/1369"}],"wp:attachment":[{"href":"https:\/\/cernyracing.sk\/es\/wp-json\/wp\/v2\/media?parent=1130"}],"wp:term":[{"taxonomy":"product_cat","embeddable":true,"href":"https:\/\/cernyracing.sk\/es\/wp-json\/wp\/v2\/product_cat?post=1130"},{"taxonomy":"product_tag","embeddable":true,"href":"https:\/\/cernyracing.sk\/es\/wp-json\/wp\/v2\/product_tag?post=1130"}],"curies":[{"name":"wp","href":"https:\/\/api.w.org\/{rel}","templated":true}]}}