{"id":1127,"date":"2023-12-07T05:52:05","date_gmt":"2023-12-07T04:52:05","guid":{"rendered":"https:\/\/cernyracing.sk\/?post_type=product&#038;p=1127"},"modified":"2023-12-18T20:49:55","modified_gmt":"2023-12-18T19:49:55","slug":"darcekova-poukazka-10min-jazdy","status":"publish","type":"product","link":"https:\/\/cernyracing.sk\/fr\/produit\/darcekova-poukazka-10min-jazdy\/","title":{"rendered":"BON CADEAU 10 min en voiture"},"content":{"rendered":"","protected":false},"excerpt":{"rendered":"<p>\u00c9cole de moto comprenant la pr\u00e9paration, 10 minutes de conduite propre sur circuit sur une moto YAMAHA R6 Race et un briefing, accompagn\u00e9s d'une vid\u00e9o, de photos de l'\u00e9preuve et d'une m\u00e9daille selon le temps r\u00e9alis\u00e9 et la justesse de la technique apprise.<\/p>","protected":false},"featured_media":1370,"comment_status":"closed","ping_status":"closed","template":"","meta":{"inline_featured_image":false},"product_cat":[20],"product_tag":[],"yoast_head":"<!-- This site is optimized with the Yoast SEO plugin v21.6 - https:\/\/yoast.com\/wordpress\/plugins\/seo\/ -->\n<title>DAR\u010cEKOV\u00c1 POUK\u00c1\u017dKA - 10min\u00fatov\u00e1 jazda - Cerny Racing<\/title>\n<meta name=\"robots\" content=\"index, follow, max-snippet:-1, max-image-preview:large, max-video-preview:-1\" \/>\n<link rel=\"canonical\" href=\"https:\/\/cernyracing.sk\/fr\/produit\/darcekova-poukazka-10min-jazdy\/\" \/>\n<meta property=\"og:locale\" content=\"fr_FR\" \/>\n<meta property=\"og:type\" content=\"article\" \/>\n<meta property=\"og:title\" content=\"DAR\u010cEKOV\u00c1 POUK\u00c1\u017dKA - 10min\u00fatov\u00e1 jazda - Cerny Racing\" \/>\n<meta property=\"og:description\" content=\"Moto\u0161kola zahr\u0148uj\u00faca pr\u00edpravu, 10 min \u010distej jazdy na okruhu na z\u00e1vodnej motorke YAMAHA R6 Race a briefing, spolu s videom, fotografiami z eventu a medailou pod\u013ea dosiahnut\u00e9ho \u010dasu a spr\u00e1vnosti nau\u010denej techniky.\" \/>\n<meta property=\"og:url\" content=\"https:\/\/cernyracing.sk\/fr\/produit\/darcekova-poukazka-10min-jazdy\/\" \/>\n<meta property=\"og:site_name\" content=\"Cerny Racing\" \/>\n<meta property=\"article:modified_time\" content=\"2023-12-18T19:49:55+00:00\" \/>\n<meta property=\"og:image\" content=\"https:\/\/cernyracing.sk\/wp-content\/uploads\/2023\/12\/poukazky.png\" \/>\n\t<meta property=\"og:image:width\" content=\"1000\" \/>\n\t<meta property=\"og:image:height\" content=\"612\" \/>\n\t<meta property=\"og:image:type\" content=\"image\/png\" \/>\n<meta name=\"twitter:card\" content=\"summary_large_image\" \/>\n<script type=\"application\/ld+json\" class=\"yoast-schema-graph\">{\"@context\":\"https:\/\/schema.org\",\"@graph\":[{\"@type\":\"WebPage\",\"@id\":\"https:\/\/cernyracing.sk\/produkt\/darcekova-poukazka-10min-jazdy\/\",\"url\":\"https:\/\/cernyracing.sk\/produkt\/darcekova-poukazka-10min-jazdy\/\",\"name\":\"DAR\u010cEKOV\u00c1 POUK\u00c1\u017dKA - 10min\u00fatov\u00e1 jazda - Cerny Racing\",\"isPartOf\":{\"@id\":\"https:\/\/cernyracing.sk\/#website\"},\"datePublished\":\"2023-12-07T04:52:05+00:00\",\"dateModified\":\"2023-12-18T19:49:55+00:00\",\"breadcrumb\":{\"@id\":\"https:\/\/cernyracing.sk\/produkt\/darcekova-poukazka-10min-jazdy\/#breadcrumb\"},\"inLanguage\":\"fr-FR\",\"potentialAction\":[{\"@type\":\"ReadAction\",\"target\":[\"https:\/\/cernyracing.sk\/produkt\/darcekova-poukazka-10min-jazdy\/\"]}]},{\"@type\":\"BreadcrumbList\",\"@id\":\"https:\/\/cernyracing.sk\/produkt\/darcekova-poukazka-10min-jazdy\/#breadcrumb\",\"itemListElement\":[{\"@type\":\"ListItem\",\"position\":1,\"name\":\"Domovsk\u00e1 str\u00e1nka\",\"item\":\"https:\/\/cernyracing.sk\/\"},{\"@type\":\"ListItem\",\"position\":2,\"name\":\"Produkty\",\"item\":\"https:\/\/cernyracing.sk\/obchod\/\"},{\"@type\":\"ListItem\",\"position\":3,\"name\":\"DAR\u010cEKOV\u00c1 POUK\u00c1\u017dKA &#8211; 10min\u00fatov\u00e1 jazda\"}]},{\"@type\":\"WebSite\",\"@id\":\"https:\/\/cernyracing.sk\/#website\",\"url\":\"https:\/\/cernyracing.sk\/\",\"name\":\"Cerny Racing\",\"description\":\"Moto\u0161kola a pren\u00e1jom motocyklov\",\"potentialAction\":[{\"@type\":\"SearchAction\",\"target\":{\"@type\":\"EntryPoint\",\"urlTemplate\":\"https:\/\/cernyracing.sk\/?s={search_term_string}\"},\"query-input\":\"required name=search_term_string\"}],\"inLanguage\":\"fr-FR\"}]}<\/script>\n<!-- \/ Yoast SEO plugin. -->","yoast_head_json":{"title":"DAR\u010cEKOV\u00c1 POUK\u00c1\u017dKA - 10min\u00fatov\u00e1 jazda - Cerny Racing","robots":{"index":"index","follow":"follow","max-snippet":"max-snippet:-1","max-image-preview":"max-image-preview:large","max-video-preview":"max-video-preview:-1"},"canonical":"https:\/\/cernyracing.sk\/fr\/produit\/darcekova-poukazka-10min-jazdy\/","og_locale":"fr_FR","og_type":"article","og_title":"DAR\u010cEKOV\u00c1 POUK\u00c1\u017dKA - 10min\u00fatov\u00e1 jazda - Cerny Racing","og_description":"Moto\u0161kola zahr\u0148uj\u00faca pr\u00edpravu, 10 min \u010distej jazdy na okruhu na z\u00e1vodnej motorke YAMAHA R6 Race a briefing, spolu s videom, fotografiami z eventu a medailou pod\u013ea dosiahnut\u00e9ho \u010dasu a spr\u00e1vnosti nau\u010denej techniky.","og_url":"https:\/\/cernyracing.sk\/fr\/produit\/darcekova-poukazka-10min-jazdy\/","og_site_name":"Cerny Racing","article_modified_time":"2023-12-18T19:49:55+00:00","og_image":[{"width":1000,"height":612,"url":"https:\/\/cernyracing.sk\/wp-content\/uploads\/2023\/12\/poukazky.png","type":"image\/png"}],"twitter_card":"summary_large_image","schema":{"@context":"https:\/\/schema.org","@graph":[{"@type":"WebPage","@id":"https:\/\/cernyracing.sk\/produkt\/darcekova-poukazka-10min-jazdy\/","url":"https:\/\/cernyracing.sk\/produkt\/darcekova-poukazka-10min-jazdy\/","name":"DAR\u010cEKOV\u00c1 POUK\u00c1\u017dKA - 10min\u00fatov\u00e1 jazda - Cerny Racing","isPartOf":{"@id":"https:\/\/cernyracing.sk\/#website"},"datePublished":"2023-12-07T04:52:05+00:00","dateModified":"2023-12-18T19:49:55+00:00","breadcrumb":{"@id":"https:\/\/cernyracing.sk\/produkt\/darcekova-poukazka-10min-jazdy\/#breadcrumb"},"inLanguage":"fr-FR","potentialAction":[{"@type":"ReadAction","target":["https:\/\/cernyracing.sk\/produkt\/darcekova-poukazka-10min-jazdy\/"]}]},{"@type":"BreadcrumbList","@id":"https:\/\/cernyracing.sk\/produkt\/darcekova-poukazka-10min-jazdy\/#breadcrumb","itemListElement":[{"@type":"ListItem","position":1,"name":"Domovsk\u00e1 str\u00e1nka","item":"https:\/\/cernyracing.sk\/"},{"@type":"ListItem","position":2,"name":"Produkty","item":"https:\/\/cernyracing.sk\/obchod\/"},{"@type":"ListItem","position":3,"name":"DAR\u010cEKOV\u00c1 POUK\u00c1\u017dKA &#8211; 10min\u00fatov\u00e1 jazda"}]},{"@type":"WebSite","@id":"https:\/\/cernyracing.sk\/#website","url":"https:\/\/cernyracing.sk\/","name":"Cerny Racing","description":"Moto\u0161kola a pren\u00e1jom motocyklov","potentialAction":[{"@type":"SearchAction","target":{"@type":"EntryPoint","urlTemplate":"https:\/\/cernyracing.sk\/?s={search_term_string}"},"query-input":"required name=search_term_string"}],"inLanguage":"fr-FR"}]}},"_links":{"self":[{"href":"https:\/\/cernyracing.sk\/fr\/wp-json\/wp\/v2\/product\/1127"}],"collection":[{"href":"https:\/\/cernyracing.sk\/fr\/wp-json\/wp\/v2\/product"}],"about":[{"href":"https:\/\/cernyracing.sk\/fr\/wp-json\/wp\/v2\/types\/product"}],"replies":[{"embeddable":true,"href":"https:\/\/cernyracing.sk\/fr\/wp-json\/wp\/v2\/comments?post=1127"}],"wp:featuredmedia":[{"embeddable":true,"href":"https:\/\/cernyracing.sk\/fr\/wp-json\/wp\/v2\/media\/1370"}],"wp:attachment":[{"href":"https:\/\/cernyracing.sk\/fr\/wp-json\/wp\/v2\/media?parent=1127"}],"wp:term":[{"taxonomy":"product_cat","embeddable":true,"href":"https:\/\/cernyracing.sk\/fr\/wp-json\/wp\/v2\/product_cat?post=1127"},{"taxonomy":"product_tag","embeddable":true,"href":"https:\/\/cernyracing.sk\/fr\/wp-json\/wp\/v2\/product_tag?post=1127"}],"curies":[{"name":"wp","href":"https:\/\/api.w.org\/{rel}","templated":true}]}}